{"id":655,"date":"2022-02-13T16:32:27","date_gmt":"2022-02-13T16:32:27","guid":{"rendered":"https:\/\/startersites.io\/stagingfour\/?page_id=654"},"modified":"2024-07-10T17:00:57","modified_gmt":"2024-07-10T17:00:57","slug":"contact","status":"publish","type":"page","link":"https:\/\/weyv.ch\/?page_id=655","title":{"rendered":"Kontakt"},"content":{"rendered":"\n<div class=\"wp-block-stackable-spacer stk-block-spacer stk--no-padding stk-block stk-3cdf45c\" data-block-id=\"3cdf45c\"><style>.stk-3cdf45c{height:100px !important}@media screen and (max-width:999px){.stk-3cdf45c{height:70px !important}}@media screen and (max-width:689px){.stk-3cdf45c{height:50px !important}}<\/style><\/div>\n\n\n\n<div class=\"wp-block-stackable-columns stk-block-columns stk-block stk-d5bda58\" data-block-id=\"d5bda58\"><style>.stk-d5bda58{margin-bottom:0px !important}.stk-d5bda58-column{--stk-column-gap:130px !important;row-gap:60px !important}@media screen and (max-width:999px){.stk-d5bda58-column{--stk-column-gap:50px !important}}<\/style><div class=\"stk-row stk-inner-blocks has-text-align-center-mobile stk-block-content stk-content-align stk-d5bda58-column\">\n<div class=\"wp-block-stackable-column stk-block-column stk-column stk-block stk-bd4e243\" data-v=\"4\" data-block-id=\"bd4e243\"><style>.stk-bd4e243-container{margin-top:0px !important;margin-right:0px !important;margin-bottom:0px !important;margin-left:0px !important}@media screen and (min-width:690px){.stk-bd4e243{flex:var(--stk-flex-grow,1) 1 calc(65% - var(--stk-column-gap,0px) * 1 \/ 2 ) !important}}<\/style><div class=\"stk-column-wrapper stk-block-column__content stk-container stk-bd4e243-container stk--no-background stk--no-padding\"><div class=\"stk-block-content stk-inner-blocks stk-bd4e243-inner-blocks\">\n<div class=\"wp-block-stackable-heading stk-block-heading stk-block-heading--v2 stk-block stk-0acf7f0\" id=\"kontakt\" data-block-id=\"0acf7f0\"><style>.stk-0acf7f0{margin-bottom:20px !important}@media screen and (max-width:689px){.stk-0acf7f0 .stk-block-heading__text{font-size:25px !important}}<\/style><h2 class=\"stk-block-heading__text\">Kontakt<\/h2><\/div>\n\n\n<div class=\"wpforms-container wpforms-block wpforms-block-4e3c97c0-4da7-4b18-a6a2-8d553855d5b8 wpforms-render-modern\" id=\"wpforms-397\"><form id=\"wpforms-form-397\" class=\"wpforms-validate wpforms-form\" data-formid=\"397\" method=\"post\" enctype=\"multipart\/form-data\" action=\"\/index.php?rest_route=%2Fwp%2Fv2%2Fpages%2F655\" data-token=\"2d312b41d9456ec8de9c2ef56826acce\" data-token-time=\"1776514219\"><noscript class=\"wpforms-error-noscript\">Bitte aktivieren Sie JavaScript in Ihrem Browser, um dieses Formular fertigzustellen.<\/noscript><div class=\"wpforms-hidden\" id=\"wpforms-error-noscript\">Bitte aktivieren Sie JavaScript in Ihrem Browser, um dieses Formular fertigzustellen.<\/div><div class=\"wpforms-field-container\"><div id=\"wpforms-397-field_0-container\" class=\"wpforms-field wpforms-field-name\" data-field-id=\"0\"><label class=\"wpforms-field-label wpforms-label-hide\" for=\"wpforms-397-field_0\" aria-hidden=\"false\">Name <span class=\"wpforms-required-label\" aria-hidden=\"true\">*<\/span><\/label><input type=\"text\" id=\"wpforms-397-field_0\" class=\"wpforms-field-large wpforms-field-required\" name=\"wpforms[fields][0]\" placeholder=\"Name *\" aria-errormessage=\"wpforms-397-field_0-error\" required><\/div><div id=\"wpforms-397-field_1-container\" class=\"wpforms-field wpforms-field-email\" data-field-id=\"1\"><label class=\"wpforms-field-label wpforms-label-hide\" for=\"wpforms-397-field_1\" aria-hidden=\"false\">Email <span class=\"wpforms-required-label\" aria-hidden=\"true\">*<\/span><\/label><input type=\"email\" id=\"wpforms-397-field_1\" class=\"wpforms-field-large wpforms-field-required\" name=\"wpforms[fields][1]\" placeholder=\"Email Address *\" spellcheck=\"false\" aria-errormessage=\"wpforms-397-field_1-error\" required><\/div><div id=\"wpforms-397-field_3-container\" class=\"wpforms-field wpforms-field-text\" data-field-id=\"3\"><label class=\"wpforms-field-label wpforms-label-hide\" for=\"wpforms-397-field_3\" aria-hidden=\"false\">Betreff<\/label><input type=\"text\" id=\"wpforms-397-field_3\" class=\"wpforms-field-large\" name=\"wpforms[fields][3]\" placeholder=\"Subject\" aria-errormessage=\"wpforms-397-field_3-error\" ><\/div><div id=\"wpforms-397-field_2-container\" class=\"wpforms-field wpforms-field-textarea\" data-field-id=\"2\"><label class=\"wpforms-field-label wpforms-label-hide\" for=\"wpforms-397-field_2\" aria-hidden=\"false\">Mitteilung <span class=\"wpforms-required-label\" aria-hidden=\"true\">*<\/span><\/label><textarea id=\"wpforms-397-field_2\" class=\"wpforms-field-large wpforms-field-required\" name=\"wpforms[fields][2]\" placeholder=\"Comment or Message *\" aria-errormessage=\"wpforms-397-field_2-error\" required><\/textarea><\/div><\/div><!-- .wpforms-field-container --><div class=\"wpforms-submit-container\" ><input type=\"hidden\" name=\"wpforms[id]\" value=\"397\"><input type=\"hidden\" name=\"page_title\" value=\"\"><input type=\"hidden\" name=\"page_url\" value=\"https:\/\/weyv.ch\/index.php?rest_route=\/wp\/v2\/pages\/655\"><input type=\"hidden\" name=\"url_referer\" value=\"\"><button type=\"submit\" name=\"wpforms[submit]\" id=\"wpforms-submit-397\" class=\"wpforms-submit\" data-alt-text=\"Sending...\" data-submit-text=\"Senden\" aria-live=\"assertive\" value=\"wpforms-submit\">Senden<\/button><\/div><\/form><\/div>  <!-- .wpforms-container --><\/div><\/div><\/div>\n\n\n\n<div class=\"wp-block-stackable-column stk-block-column stk-column stk-block stk-b9c9c39\" data-v=\"4\" data-block-id=\"b9c9c39\"><style>.stk-b9c9c39-container{margin-top:0px !important;margin-right:0px !important;margin-bottom:0px !important;margin-left:0px !important}@media screen and (min-width:690px){.stk-b9c9c39{flex:var(--stk-flex-grow,1) 1 calc(35% - var(--stk-column-gap,0px) * 1 \/ 2 ) !important}}<\/style><div class=\"stk-column-wrapper stk-block-column__content stk-container stk-b9c9c39-container stk--no-background stk--no-padding\"><div class=\"stk-block-content stk-inner-blocks stk-b9c9c39-inner-blocks\">\n<div class=\"wp-block-stackable-heading stk-block-heading stk-block-heading--v2 stk-block stk-9003eb7\" id=\"adresse\" data-block-id=\"9003eb7\"><style>.stk-9003eb7{margin-bottom:8px !important}<\/style><h5 class=\"stk-block-heading__text\">Adresse<\/h5><\/div>\n\n\n\n<div class=\"wp-block-stackable-text stk-block-text stk-block stk-212121c\" data-block-id=\"212121c\"><style>.stk-212121c{margin-bottom:0px !important}<\/style><p class=\"stk-block-text__text\">Alpstrasse 62<br>9443 Widnau<\/p><\/div>\n\n\n\n<div class=\"wp-block-stackable-spacer stk-block-spacer stk--no-padding stk-block stk-000f4df\" data-block-id=\"000f4df\"><style>.stk-000f4df{height:50px !important}<\/style><\/div>\n\n\n\n<div class=\"wp-block-stackable-heading stk-block-heading stk-block-heading--v2 stk-block stk-cef93e8\" id=\"email\" data-block-id=\"cef93e8\"><style>.stk-cef93e8{margin-bottom:8px !important}<\/style><h5 class=\"stk-block-heading__text\">Email<\/h5><\/div>\n\n\n\n<div class=\"wp-block-stackable-text stk-block-text stk-block stk-ee6f2a1\" data-block-id=\"ee6f2a1\"><style>.stk-ee6f2a1{margin-bottom:0px !important}<\/style><p class=\"stk-block-text__text\">yvette.werner@bluewin.ch<\/p><\/div>\n\n\n\n<div class=\"wp-block-stackable-spacer stk-block-spacer stk--no-padding stk-block stk-56c7d1b\" data-block-id=\"56c7d1b\"><style>.stk-56c7d1b{height:50px !important}<\/style><\/div>\n\n\n\n<div class=\"wp-block-stackable-heading stk-block-heading stk-block-heading--v2 stk-block stk-63387ea\" id=\"telefon\" data-block-id=\"63387ea\"><style>.stk-63387ea{margin-bottom:8px !important}<\/style><h5 class=\"stk-block-heading__text\">Telefon<\/h5><\/div>\n\n\n\n<div class=\"wp-block-stackable-text stk-block-text stk-block stk-67b7078\" data-block-id=\"67b7078\"><style>.stk-67b7078{margin-bottom:0px !important}<\/style><p class=\"stk-block-text__text\">+41 78 635 08 06<\/p><\/div>\n\n\n\n<div class=\"wp-block-stackable-spacer stk-block-spacer stk--no-padding stk-block stk-551d683\" data-block-id=\"551d683\"><style>.stk-551d683{height:50px !important}<\/style><\/div>\n\n\n\n<div class=\"wp-block-stackable-heading stk-block-heading stk-block-heading--v2 stk-block stk-69ff5eb\" id=\"prasentation\" data-block-id=\"69ff5eb\"><style>.stk-69ff5eb{margin-bottom:8px !important}<\/style><h5 class=\"stk-block-heading__text\">Pr\u00e4sentation<\/h5><\/div>\n\n\n\n<div class=\"wp-block-stackable-text stk-block-text stk-block stk-70536fb\" data-block-id=\"70536fb\"><p class=\"stk-block-text__text\">Meine Karten und meine Schischi-Sachen sind aktuell bei mir erh\u00e4ltlich. Gerne zeige ich Dir das ganze Sortiment. Kontaktiere mich \u00fcber mein Mail oder \u00fcber meine Mobil-Nummer und vereinbare einen Termin mit mir.<\/p><\/div>\n<\/div><\/div><\/div>\n<\/div><\/div>\n\n\n\n<div class=\"wp-block-stackable-spacer stk-block-spacer stk--no-padding stk-block stk-7a35edd\" data-block-id=\"7a35edd\"><style>.stk-7a35edd{height:100px !important}@media screen and (max-width:999px){.stk-7a35edd{height:70px !important}}@media screen and (max-width:689px){.stk-7a35edd{height:70px !important}}<\/style><\/div>\n\n\n\n<div class=\"wp-block-stackable-spacer stk-block-spacer stk--no-padding stk-block stk-2b32a23\" data-block-id=\"2b32a23\"><style>.stk-2b32a23{height:50px !important}<\/style><\/div>\n\n\n\n<div class=\"wp-block-stackable-spacer stk-block-spacer stk--no-padding stk-block stk-d51dfe9\" data-block-id=\"d51dfe9\"><style>.stk-d51dfe9{height:100px !important}@media screen and (max-width:999px){.stk-d51dfe9{height:70px !important}}@media screen and (max-width:689px){.stk-d51dfe9{height:50px !important}}<\/style><\/div>\n","protected":false},"excerpt":{"rendered":"<p>Kontakt Adresse Alpstrasse 629443 Widnau Email yvette.werner@bluewin.ch Telefon +41 78 635 08 06 Pr\u00e4sentation Meine Karten und meine Schischi-Sachen sind aktuell bei mir erh\u00e4ltlich. Gerne zeige ich Dir das ganze Sortiment. Kontaktiere mich \u00fcber mein Mail oder \u00fcber meine Mobil-Nummer und vereinbare einen Termin mit mir.<\/p>\n","protected":false},"author":1,"featured_media":0,"parent":0,"menu_order":0,"comment_status":"closed","ping_status":"closed","template":"","meta":{"footnotes":""},"class_list":["post-655","page","type-page","status-publish","hentry"],"blocksy_meta":{"styles_descriptor":{"styles":{"desktop":"","tablet":"","mobile":""},"google_fonts":[],"version":6},"page_title_panel":"","has_hero_section":"default","db567741911212a6487ad77c7235ff4e":"","hero_section":"type-1","hero_elements":[{"id":"custom_title","enabled":false,"heading_tag":"h1","title":"Home","__id":"gYeQ7XR0r6lWT_PmMC81l"},{"id":"custom_description","enabled":false,"description_visibility":{"desktop":true,"tablet":true,"mobile":false},"__id":"mqTCktrSSqTao_4BVOHLx"},{"id":"custom_meta","enabled":false,"meta_elements":[{"id":"author","enabled":true,"label":"By","has_author_avatar":"yes","avatar_size":25},{"id":"post_date","enabled":true,"label":"On","date_format_source":"default","date_format":"M j, Y"},{"id":"updated_date","enabled":false,"label":"On","date_format_source":"default","date_format":"M j, Y"},{"id":"categories","enabled":false,"label":"In","style":"simple"},{"id":"comments","enabled":true}],"page_meta_elements":{"joined":true,"articles_count":true,"comments":true},"__id":"Lu7cEUsIOpI-oEBzoy0g_"},{"id":"breadcrumbs","enabled":false,"__id":"CO_yemSkLqNEjr5th6h7k"}],"46a7bfb2347eb4634d2d85ba2c89301f":"","hero_alignment1":"CT_CSS_SKIP_RULE","hero_margin":40,"hero_alignment2":"center","hero_vertical_alignment":"center","04357bfccb4668ce5a987e34dc06edc4":"","hero_structure":"narrow","4992c1e4e4c6446d5f43691493dd6e4b":"","page_title_bg_type":"featured_image","custom_hero_background":{"attachment_id":null},"parallax":{"desktop":false,"tablet":false,"mobile":false},"86b7ee5a2649ba534360b742cb20231a":"","hero_height":"250px","pageTitleFont":{"family":"Default","variation":"Default","size":"30px","line-height":"CT_CSS_SKIP_RULE","letter-spacing":"CT_CSS_SKIP_RULE","text-transform":"CT_CSS_SKIP_RULE","text-decoration":"CT_CSS_SKIP_RULE"},"pageTitleFontColor":{"default":{"color":"CT_CSS_SKIP_RULEDEFAULT"}},"pageMetaFont":{"family":"Default","variation":"n6","size":"12px","line-height":"1.3","letter-spacing":"CT_CSS_SKIP_RULE","text-transform":"uppercase","text-decoration":"CT_CSS_SKIP_RULE"},"pageMetaFontColor":{"default":{"color":"CT_CSS_SKIP_RULEDEFAULT"},"hover":{"color":"CT_CSS_SKIP_RULEDEFAULT"}},"page_meta_button_type_font_colors":{"default":{"color":"CT_CSS_SKIP_RULEDEFAULT"},"hover":{"color":"CT_CSS_SKIP_RULEDEFAULT"}},"page_meta_button_type_background_colors":{"default":{"color":"CT_CSS_SKIP_RULEDEFAULT"},"hover":{"color":"CT_CSS_SKIP_RULEDEFAULT"}},"pageExcerptFont":{"family":"Default","variation":"Default","size":"CT_CSS_SKIP_RULE","line-height":"CT_CSS_SKIP_RULE","letter-spacing":"CT_CSS_SKIP_RULE","text-transform":"CT_CSS_SKIP_RULE","text-decoration":"CT_CSS_SKIP_RULE"},"pageExcerptColor":{"default":{"color":"CT_CSS_SKIP_RULEDEFAULT"}},"breadcrumbsFont":{"family":"Default","variation":"Default","size":"CT_CSS_SKIP_RULE","line-height":"CT_CSS_SKIP_RULE","letter-spacing":"CT_CSS_SKIP_RULE","text-transform":"CT_CSS_SKIP_RULE","text-decoration":"CT_CSS_SKIP_RULE"},"breadcrumbsFontColor":{"default":{"color":"CT_CSS_SKIP_RULEDEFAULT"},"initial":{"color":"CT_CSS_SKIP_RULEDEFAULT"},"hover":{"color":"CT_CSS_SKIP_RULEDEFAULT"}},"pageTitleOverlay":{"background_type":"color","background_pattern":"type-1","background_image":{"attachment_id":null,"x":0,"y":0},"gradient":"linear-gradient(135deg,rgba(6,147,227,1) 0%,rgb(155,81,224) 100%)","background_repeat":"repeat","background_size":"auto","background_attachment":"scroll","patternColor":{"default":{"color":"#e5e7ea"}},"overlayColor":{"default":{"color":"CT_CSS_SKIP_RULE"}},"backgroundColor":{"default":{"color":"CT_CSS_SKIP_RULE"}}},"pageTitleBackground":{"background_type":"color","background_pattern":"type-1","background_image":{"attachment_id":null,"x":0,"y":0},"gradient":"linear-gradient(135deg,rgba(6,147,227,1) 0%,rgb(155,81,224) 100%)","background_repeat":"repeat","background_size":"auto","background_attachment":"scroll","patternColor":{"default":{"color":"#e5e7ea"}},"overlayColor":{"default":{"color":"CT_CSS_SKIP_RULE"}},"backgroundColor":{"default":{"color":"var(--theme-palette-color-6)"}}},"pageTitlePadding":{"top":"50px","bottom":"50px","left":"auto","right":"auto","linked":true},"ec35447805dc43b925eef837508073fa":"","page_structure_type":"default","8e721d55ef1c936694f832c201ce78cb":"","content_style_source":"inherit","content_style":"wide","vertical_spacing_source":"custom","content_area_spacing":"none","background":{"background_type":"color","background_pattern":"type-1","background_image":{"attachment_id":null,"x":0,"y":0},"gradient":"linear-gradient(135deg,rgba(6,147,227,1) 0%,rgb(155,81,224) 100%)","background_repeat":"repeat","background_size":"auto","background_attachment":"scroll","patternColor":{"default":{"color":"#e5e7ea"}},"overlayColor":{"default":{"color":"CT_CSS_SKIP_RULE"}},"backgroundColor":{"default":{"color":"CT_CSS_SKIP_RULE"}}},"content_background":{"background_type":"color","background_pattern":"type-1","background_image":{"attachment_id":null,"x":0,"y":0},"gradient":"linear-gradient(135deg,rgba(6,147,227,1) 0%,rgb(155,81,224) 100%)","background_repeat":"repeat","background_size":"auto","background_attachment":"scroll","patternColor":{"default":{"color":"#e5e7ea"}},"overlayColor":{"default":{"color":"CT_CSS_SKIP_RULE"}},"backgroundColor":{"default":{"color":"var(--theme-palette-color-8)"}}},"content_boxed_shadow":{"inherit":false,"blur":18,"spread":-6,"v_offset":12,"h_offset":0,"inset":false,"enable":true,"color":{"color":"rgba(34, 56, 101, 0.04)"}},"boxed_content_spacing":{"desktop":{"top":"40px","bottom":"40px","left":"40px","right":"40px","linked":true},"tablet":{"top":"35px","bottom":"35px","left":"35px","right":"35px","linked":true},"mobile":{"top":"20px","bottom":"20px","left":"20px","right":"20px","linked":true}},"content_boxed_radius":{"top":"3px","bottom":"3px","left":"3px","right":"3px","linked":true},"1842a503b3240f204f30e3a0cf58ed01":"","disable_featured_image":"no","disable_share_box":"no","disable_header":"no","disable_footer":"no"},"_links":{"self":[{"href":"https:\/\/weyv.ch\/index.php?rest_route=\/wp\/v2\/pages\/655","targetHints":{"allow":["GET"]}}],"collection":[{"href":"https:\/\/weyv.ch\/index.php?rest_route=\/wp\/v2\/pages"}],"about":[{"href":"https:\/\/weyv.ch\/index.php?rest_route=\/wp\/v2\/types\/page"}],"author":[{"embeddable":true,"href":"https:\/\/weyv.ch\/index.php?rest_route=\/wp\/v2\/users\/1"}],"replies":[{"embeddable":true,"href":"https:\/\/weyv.ch\/index.php?rest_route=%2Fwp%2Fv2%2Fcomments&post=655"}],"version-history":[{"count":8,"href":"https:\/\/weyv.ch\/index.php?rest_route=\/wp\/v2\/pages\/655\/revisions"}],"predecessor-version":[{"id":780,"href":"https:\/\/weyv.ch\/index.php?rest_route=\/wp\/v2\/pages\/655\/revisions\/780"}],"wp:attachment":[{"href":"https:\/\/weyv.ch\/index.php?rest_route=%2Fwp%2Fv2%2Fmedia&parent=655"}],"curies":[{"name":"wp","href":"https:\/\/api.w.org\/{rel}","templated":true}]}}